{"id":3990,"date":"2018-07-05T11:26:09","date_gmt":"2018-07-05T09:26:09","guid":{"rendered":"https:\/\/www.comlexis.de\/?page_id=3990\/"},"modified":"2025-08-13T18:39:17","modified_gmt":"2025-08-13T16:39:17","slug":"terms-and-conditions","status":"publish","type":"page","link":"https:\/\/www.comlexis.de\/en\/terms-and-conditions\/","title":{"rendered":"Terms and conditions"},"content":{"rendered":"<div class=\"wpb-content-wrapper\"><p>[vc_row section_type=&#8221;fullwidth&#8221; bg_type=&#8221;color&#8221; header_feature=&#8221;yes&#8221; equal_column_height=&#8221;middle-content&#8221; padding_top=&#8221;0&#8243; padding_bottom=&#8221;0&#8243;][vc_column width=&#8221;1\/2&#8243; tablet_sm_width=&#8221;1&#8243; css=&#8221;.vc_custom_1494154909930{background-image: url(https:\/\/www.comlexis.de\/wp-content\/uploads\/2017\/05\/halb_anne-fries-lektorat-team.jpg?id=2032) !important;background-position: center !important;background-repeat: no-repeat !important;background-size: cover !important;}&#8221;][vc_empty_space height=&#8221;722px&#8221;][\/vc_column][vc_column width=&#8221;1\/2&#8243; tablet_sm_width=&#8221;1&#8243; el_class=&#8221;400px&#8221; css=&#8221;.vc_custom_1478188547879{padding-right: 8% !important;padding-left: 8% !important;background-color: #f7f7f7 !important;background-position: center !important;background-repeat: no-repeat !important;background-size: cover !important;}&#8221;][vc_empty_space height=&#8221;160px&#8221;]<div class=\"grve-element grve-slogan grve-align-left grve-animated-item grve-fadeIn\" style=\"\" data-delay=\"300\"><div class=\"grve-subtitle\">Our fine print<\/div><h1 class=\"grve-slogan-title grve-align-left grve-h2\"><span>Terms and Conditions<\/span><\/h1><\/div>[vc_column_text](Provided in German only)[\/vc_column_text][vc_empty_space height=&#8221;160px&#8221;][\/vc_column][\/vc_row][vc_row][vc_column][vc_empty_space height=&#8221;80px&#8221;][\/vc_column][\/vc_row][vc_row equal_column_height=&#8221;equal-column&#8221;][vc_column]<div class=\"grve-element grve-slogan grve-align-left\" style=\"\"><h2 class=\"grve-slogan-title grve-align-left grve-h2\"><span>Allgemeine Gesch\u00e4ftsbedingungen (AGB) der Comlexis GmbH<\/span><\/h2>  <p class=\"\">Stand: 12. August 2025<\/p><\/div>[vc_empty_space height=&#8221;30px&#8221;][\/vc_column][\/vc_row][vc_row][vc_column width=&#8221;1\/2&#8243;][vc_column_text el_class=&#8221;block&#8221;]<\/p>\n<h3><span style=\"color: #808080;\">\u00a7 1 Allgemeines<\/span><\/h3>\n<p><span style=\"color: #ba0026;\">Geltungsbereich<br \/>\n<\/span>Diese Allgemeinen Gesch\u00e4ftsbedingungen (AGB) gelten f\u00fcr alle Vertr\u00e4ge \u00fcber \u00dcbersetzungs- und Lektoratsleistungen zwischen der Comlexis GmbH, Grafenberger Allee 277, 40237 D\u00fcsseldorf, eingetragen im Handelsregister des Amtsgerichts D\u00fcsseldorf unter HRB 109372, gesetzlich vertreten durch den Gesch\u00e4ftsf\u00fchrer Dr.-Ing. Wolfgang Sturz (nachfolgend \u201eComlexis\u201c), und ihren Kunden.<\/p>\n<p><span style=\"color: #ba0026;\">Zielgruppen<br \/>\n<\/span>Comlexis schlie\u00dft Vertr\u00e4ge sowohl mit Verbrauchern gem\u00e4\u00df \u00a7 13 BGB als auch mit Unternehmern gem\u00e4\u00df \u00a7 14 BGB ab.<\/p>\n<p><span style=\"color: #ba0026;\">Vertragssprache<br \/>\n<\/span>Die Vertragssprache ist ausschlie\u00dflich Deutsch. Sofern \u00dcbersetzungen der Vertragsdokumente zur Verf\u00fcgung gestellt werden, ist die deutsche Fassung ma\u00dfgeblich.<\/p>\n<p><span style=\"color: #ba0026;\">Entgegenstehende Bedingungen<br \/>\n<\/span>Abweichende, entgegenstehende oder erg\u00e4nzende Allgemeine Gesch\u00e4ftsbedingungen des Kunden finden keine Anwendung, es sei denn, Comlexis hat ihrer Geltung ausdr\u00fccklich und schriftlich zugestimmt.<\/p>\n<p><span style=\"color: #ba0026;\">\u00c4nderungsvorbehalt<br \/>\n<\/span>Comlexis beh\u00e4lt sich vor, diese AGB mit Wirkung f\u00fcr die Zukunft zu \u00e4ndern, sofern gesetzliche oder wirtschaftliche Gr\u00fcnde dies erfordern. Bestehende Kunden werden \u00fcber die \u00c4nderungen mindestens sechs Wochen vor Inkrafttreten schriftlich informiert. Widerspricht der Kunde nicht binnen dieser Frist in Textform (z.\u00a0B. per E-Mail), gelten die \u00c4nderungen als genehmigt. Auf das Widerspruchsrecht und die Folgen eines unterlassenen Widerspruchs wird in der \u00c4nderungsmitteilung ausdr\u00fccklich hingewiesen.<\/p>\n<h3><span style=\"color: #808080;\">\u00a7 2 Vertragsschluss<\/span><\/h3>\n<p><span style=\"color: #ba0026;\">Angebot und Annahme<br \/>\n<\/span>Ein Vertrag kommt zustande durch schriftliche Best\u00e4tigung des Angebots von Comlexis durch den Kunden oder durch Ausf\u00fchrung der Leistung nach schriftlicher Beauftragung (auch per E-Mail). Angebote von Comlexis sind freibleibend.<\/p>\n<p><span style=\"color: #ba0026;\">Individuelle Vereinbarung<br \/>\n<\/span>Vertr\u00e4ge k\u00f6nnen auch durch individuelle Kommunikation (z.\u00a0B. E-Mail, Telefon) zustande kommen.<\/p>\n<p><span style=\"color: #ba0026;\">Vertragstextspeicherung<br \/>\n<\/span>Comlexis speichert den Vertragstext unter Beachtung der datenschutzrechtlichen Vorgaben. Auf Wunsch stellt Comlexis dem Kunden den Vertragstext in Textform (z. B. per E-Mail) zur Verf\u00fcgung.<\/p>\n<h3><span style=\"color: #808080;\">\u00a7 3 Leistungsbeschreibung<\/span><\/h3>\n<p><span style=\"color: #ba0026;\">\u00dcbersetzungen<br \/>\n<\/span>Sofern nicht ausdr\u00fccklich etwas anderes vereinbart ist, erstellt Comlexis \u00dcbersetzungen in allgemein verst\u00e4ndlicher, lexikalisch angemessener Form, die dem angegebenen Verwendungszweck entspricht. Besondere Fachterminologie oder spezielle stilistische Anforderungen m\u00fcssen ausdr\u00fccklich vereinbart und ggf. gesondert verg\u00fctet werden. Eine vollst\u00e4ndige Fehlerfreiheit kann grunds\u00e4tzlich nicht zugesichert werden.<\/p>\n<p><span style=\"color: #ba0026;\">Lektorate<br \/>\n<\/span>Standardleistungen beinhalten die sprachliche \u00dcberpr\u00fcfung auf Orthografie, Grammatik, Zeichensetzung und typografische Standards. Obwohl Comlexis gr\u00f6\u00dfte Sorgfalt walten l\u00e4sst, kann eine vollst\u00e4ndige Fehlerfreiheit nicht zugesichert werden. Im Falle von M\u00e4ngeln gelten die gesetzlichen Gew\u00e4hrleistungsrechte. Die Verantwortung f\u00fcr die inhaltliche Richtigkeit des \u00fcberpr\u00fcften Textes liegt ausschlie\u00dflich beim Kunden.<\/p>\n<p><span style=\"color: #ba0026;\">Leistungszeitraum<br \/>\n<\/span>Die Bearbeitung erfolgt zeitnah nach Vertragsschluss, sofern kein anderer Liefertermin vereinbart wurde.<\/p>\n<p><span style=\"color: #ba0026;\">Lieferform<br \/>\n<\/span>Die Lieferung erfolgt in der Regel digital (per E-Mail oder Download-Link). Auf ausdr\u00fccklichen Wunsch des Kunden erfolgt die Lieferung auch in physischer Form. Die hierbei anfallenden Versandkosten werden dem Kunden vorab mitgeteilt und separat berechnet.<\/p>\n<p><span style=\"color: #ba0026;\">Teilleistungen und Subunternehmer<br \/>\n<\/span>Comlexis ist berechtigt, Teilleistungen zu erbringen und diese in Rechnung zu stellen, sofern dies dem Kunden zumutbar ist. Dar\u00fcber hinaus kann Comlexis zur Vertragserf\u00fcllung qualifizierte Dritte beauftragen.<\/p>\n<p><span style=\"color: #ba0026;\">Verz\u00f6gerung und R\u00fccktritt<br \/>\n<\/span>Im Falle h\u00f6herer Gewalt oder unvorhersehbarer, von Comlexis nicht zu vertretender Ereignisse ist Comlexis berechtigt, die Lieferfrist angemessen zu verl\u00e4ngern oder, sofern die Vertragserf\u00fcllung unm\u00f6glich wird, vom Vertrag zur\u00fcckzutreten. Der Kunde wird in diesem Fall unverz\u00fcglich hier\u00fcber informiert.[\/vc_column_text][\/vc_column][vc_column width=&#8221;1\/2&#8243;][vc_column_text el_class=&#8221;block&#8221;]<\/p>\n<h3><span style=\"color: #808080;\">\u00a7 4 Preise und Zahlungsbedingungen<\/span><\/h3>\n<p><span style=\"color: #ba0026;\">Zahlungspflicht und Fristen<br \/>\n<\/span>F\u00fcr Unternehmer (B2B) ist der Rechnungsbetrag innerhalb von 14 Tagen ab Rechnungsdatum ohne Abzug zu zahlen. F\u00fcr Verbraucher (B2C) ist der Rechnungsbetrag entweder im Voraus oder unmittelbar nach Vertragsschluss zu zahlen, sofern nichts anderes vereinbart ist.<\/p>\n<p><span style=\"color: #ba0026;\">Verzug<br \/>\n<\/span>Bei Zahlungsverzug gelten die gesetzlichen Verzugszinsen: f\u00fcr Unternehmer 9 Prozentpunkte, f\u00fcr Verbraucher 5 Prozentpunkte \u00fcber dem jeweiligen Basiszinssatz. F\u00fcr jede berechtigte Mahnung kann eine Bearbeitungsgeb\u00fchr von 5,00 Euro erhoben werden, sofern der Kunde nicht nachweist, dass ein geringerer oder kein Schaden entstanden ist.<\/p>\n<p><span style=\"color: #ba0026;\">Zur\u00fcckbehaltungsrecht<br \/>\n<\/span>Dem Kunden steht ein Zur\u00fcckbehaltungsrecht nur zu, soweit es auf Anspr\u00fcchen aus demselben Vertragsverh\u00e4ltnis beruht und nicht gesetzlich ausgeschlossen ist.<\/p>\n<h3 style=\"text-align: left;\"><span style=\"color: #808080;\">\u00a7 5 Mitwirkungspflichten und Verantwortlichkeit des Kunden<\/span><\/h3>\n<p><span style=\"color: #ba0026;\">Inhalte und Rechte Dritter<br \/>\n<\/span>Der Kunde ist f\u00fcr die Rechtm\u00e4\u00dfigkeit der \u00fcbermittelten Inhalte verantwortlich und versichert, durch die \u00dcbersetzung oder Bearbeitung der Inhalte keine Rechte Dritter, insbesondere Urheber-, Datenschutz- oder Pers\u00f6nlichkeitsrechte, zu verletzen.<\/p>\n<p><span style=\"color: #ba0026;\">Freistellung<br \/>\n<\/span>Der Kunde stellt Comlexis von Anspr\u00fcchen Dritter wegen Rechtsverletzungen durch die \u00fcbermittelten Inhalte frei.<\/p>\n<p><span style=\"color: #ba0026;\">Datensicherung<br \/>\n<\/span>Der Kunde ist verpflichtet, vor und nach \u00dcbermittlung eigener Daten angemessene Datensicherungen vorzunehmen. Comlexis haftet bei Datenverlust nur f\u00fcr Sch\u00e4den, die vors\u00e4tzlich oder grob fahrl\u00e4ssig verursacht wurden.<\/p>\n<h3><span style=\"color: #808080;\">\u00a7 6 Vertraulichkeit und Datenschutz<\/span><\/h3>\n<p><span style=\"color: #ba0026;\">Vertraulichkeit<br \/>\n<\/span>Comlexis verpflichtet sich zur Vertraulichkeit \u00fcber alle erhaltenen Inhalte und Informationen. Kopien werden ausschlie\u00dflich zur Vertragserf\u00fcllung angefertigt.<\/p>\n<p><span style=\"color: #ba0026;\"> Datenschutz<br \/>\n<\/span>Die Verarbeitung personenbezogener Daten erfolgt im Einklang mit den Anforderungen der Datenschutz-Grundverordnung (DSGVO). Weitere Einzelheiten zum Datenschutz, zu Betroffenenrechten sowie technischen und organisatorischen Ma\u00dfnahmen sind der Datenschutzerkl\u00e4rung auf der Website von Comlexis zu entnehmen.<\/p>\n<h3><span style=\"color: #808080;\">\u00a7 7 Gew\u00e4hrleistung<\/span><\/h3>\n<p><span style=\"color: #ba0026;\">Nachbesserung<br \/>\n<\/span>Bei M\u00e4ngeln ist Comlexis zur Nachbesserung berechtigt. Erst bei mindestens zwei erfolglosen Nachbesserungsversuchen besteht ein Anspruch auf Minderung oder R\u00fccktritt.<\/p>\n<p><span style=\"color: #ba0026;\">Unwesentliche M\u00e4ngel<br \/>\n<\/span>Bei unerheblichen Abweichungen, die den Sinn und die Verst\u00e4ndlichkeit des Textes nicht beeintr\u00e4chtigen, beschr\u00e4nkt sich das Recht des Kunden auf Minderung.<\/p>\n<p><span style=\"color: #ba0026;\">Verj\u00e4hrung<br \/>\n<\/span>F\u00fcr Unternehmer verj\u00e4hren Gew\u00e4hrleistungsanspr\u00fcche ein Jahr nach Lieferung. Gegen\u00fcber Verbrauchern gelten die gesetzlichen Verj\u00e4hrungsfristen.<\/p>\n<h3><span style=\"color: #808080;\">\u00a7 8 Haftung<\/span><\/h3>\n<p><span style=\"color: #ba0026;\">Haftungsausschluss<br \/>\n<\/span>Comlexis haftet f\u00fcr Sch\u00e4den, die durch Vorsatz oder grobe Fahrl\u00e4ssigkeit verursacht werden. Bei leicht fahrl\u00e4ssiger Verletzung wesentlicher Vertragspflichten (Kardinalpflichten) ist die Haftung auf den vertragstypischen, vorhersehbaren Schaden begrenzt.<\/p>\n<p><span style=\"color: #ba0026;\">Ausnahmen<br \/>\n<\/span>Die Haftung f\u00fcr Sch\u00e4den an Leben, K\u00f6rper oder Gesundheit sowie nach Produkthaftungsgesetz bleibt unber\u00fchrt.<\/p>\n<h3><span style=\"color: #808080;\">\u00a7 9 Schlussbestimmungen<\/span><\/h3>\n<p><span style=\"color: #ba0026;\">Gerichtsstand<br \/>\n<\/span>Ist der Kunde Kaufmann, eine juristische Person des \u00f6ffentlichen Rechts oder \u00f6ffentlich-rechtliches Sonderverm\u00f6gen, so ist ausschlie\u00dflicher Gerichtsstand f\u00fcr alle Streitigkeiten aus diesem Vertrag Reutlingen. Dies gilt auch, wenn der Kunde keinen allgemeinen Gerichtsstand in Deutschland hat.<\/p>\n<p><span style=\"color: #ba0026;\">Anwendbares Recht<br \/>\n<\/span>Es gilt deutsches Recht unter Ausschluss des UN-Kaufrechts.<\/p>\n<p><span style=\"color: #ba0026;\">Salvatorische Klausel<br \/>\n<\/span>Sollte eine Bestimmung dieser AGB vollst\u00e4ndig oder teilweise unwirksam oder undurchf\u00fchrbar sein oder werden, bleibt die Wirksamkeit der \u00fcbrigen Bestimmungen hiervon unber\u00fchrt. Anstelle der unwirksamen Bestimmung gilt eine Regelung als vereinbart, die dem wirtschaftlichen Zweck der unwirksamen Bestimmung in rechtlich zul\u00e4ssiger Weise am n\u00e4chsten kommt. Entsprechendes gilt im Fall einer Regelungsl\u00fccke.[\/vc_column_text][\/vc_column][\/vc_row]<\/p>\n<\/div>","protected":false},"excerpt":{"rendered":"<p>[vc_row section_type=&#8221;fullwidth&#8221; bg_type=&#8221;color&#8221; header_feature=&#8221;yes&#8221; equal_column_height=&#8221;middle-content&#8221; padding_top=&#8221;0&#8243; padding_bottom=&#8221;0&#8243;][vc_column width=&#8221;1\/2&#8243; tablet_sm_width=&#8221;1&#8243; css=&#8221;.vc_custom_1494154909930{background-image: url(https:\/\/www.comlexis.de\/wp-content\/uploads\/2017\/05\/halb_anne-fries-lektorat-team.jpg?id=2032) !important;background-position: center !important;background-repeat: no-repeat !important;background-size: cover !important;}&#8221;][vc_empty_space height=&#8221;722px&#8221;][\/vc_column][vc_column width=&#8221;1\/2&#8243; tablet_sm_width=&#8221;1&#8243; el_class=&#8221;400px&#8221; css=&#8221;.vc_custom_1478188547879{padding-right: 8% !important;padding-left: 8% !important;background-color: #f7f7f7 !important;background-position: center !important;background-repeat: no-repeat !important;background-size: cover !important;}&#8221;][vc_empty_space height=&#8221;160px&#8221;][vc_column_text](Provided in German only)[\/vc_column_text][vc_empty_space height=&#8221;160px&#8221;][\/vc_column][\/vc_row][vc_row][vc_column][vc_empty_space height=&#8221;80px&#8221;][\/vc_column][\/vc_row][vc_row equal_column_height=&#8221;equal-column&#8221;][vc_column][vc_empty_space height=&#8221;30px&#8221;][\/vc_column][\/vc_row][vc_row][vc_column width=&#8221;1\/2&#8243;][vc_column_text el_class=&#8221;block&#8221;] \u00a7 1 Allgemeines Geltungsbereich Diese Allgemeinen Gesch\u00e4ftsbedingungen (AGB) gelten f\u00fcr [&hellip;]<\/p>\n","protected":false},"author":4,"featured_media":2032,"parent":0,"menu_order":0,"comment_status":"closed","ping_status":"closed","template":"","meta":{"footnotes":""},"class_list":["post-3990","page","type-page","status-publish","has-post-thumbnail","hentry"],"yoast_head":"<!-- This site is optimized with the Yoast SEO plugin v27.4 - https:\/\/yoast.com\/product\/yoast-seo-wordpress\/ -->\n<title>Terms and conditions | Comlexis | Editing, proofreading &amp; translation<\/title>\n<meta name=\"description\" content=\"Review our terms and conditions here.\" \/>\n<meta name=\"robots\" content=\"index, follow, max-snippet:-1, max-image-preview:large, max-video-preview:-1\" \/>\n<link rel=\"canonical\" href=\"https:\/\/www.comlexis.de\/en\/terms-and-conditions\/\" \/>\n<meta property=\"og:locale\" content=\"en_US\" \/>\n<meta property=\"og:type\" content=\"article\" \/>\n<meta property=\"og:title\" content=\"Terms and conditions | Comlexis | Editing, proofreading &amp; translation\" \/>\n<meta property=\"og:description\" content=\"Review our terms and conditions here.\" \/>\n<meta property=\"og:url\" content=\"https:\/\/www.comlexis.de\/en\/terms-and-conditions\/\" \/>\n<meta property=\"og:site_name\" content=\"Comlexis\" \/>\n<meta property=\"article:modified_time\" content=\"2025-08-13T16:39:17+00:00\" \/>\n<meta property=\"og:image\" content=\"https:\/\/www.comlexis.de\/wp-content\/uploads\/2017\/05\/halb_anne-fries-lektorat-team.jpg\" \/>\n\t<meta property=\"og:image:width\" content=\"1290\" \/>\n\t<meta property=\"og:image:height\" content=\"860\" \/>\n\t<meta property=\"og:image:type\" content=\"image\/jpeg\" \/>\n<meta name=\"twitter:card\" content=\"summary_large_image\" \/>\n<meta name=\"twitter:label1\" content=\"Est. reading time\" \/>\n\t<meta name=\"twitter:data1\" content=\"6 minutes\" \/>\n<script type=\"application\/ld+json\" class=\"yoast-schema-graph\">{\"@context\":\"https:\\\/\\\/schema.org\",\"@graph\":[{\"@type\":\"WebPage\",\"@id\":\"https:\\\/\\\/www.comlexis.de\\\/en\\\/terms-and-conditions\\\/\",\"url\":\"https:\\\/\\\/www.comlexis.de\\\/en\\\/terms-and-conditions\\\/\",\"name\":\"Terms and conditions | Comlexis | Editing, proofreading & translation\",\"isPartOf\":{\"@id\":\"https:\\\/\\\/www.comlexis.de\\\/#website\"},\"primaryImageOfPage\":{\"@id\":\"https:\\\/\\\/www.comlexis.de\\\/en\\\/terms-and-conditions\\\/#primaryimage\"},\"image\":{\"@id\":\"https:\\\/\\\/www.comlexis.de\\\/en\\\/terms-and-conditions\\\/#primaryimage\"},\"thumbnailUrl\":\"https:\\\/\\\/www.comlexis.de\\\/wp-content\\\/uploads\\\/2017\\\/05\\\/halb_anne-fries-lektorat-team.jpg\",\"datePublished\":\"2018-07-05T09:26:09+00:00\",\"dateModified\":\"2025-08-13T16:39:17+00:00\",\"description\":\"Review our terms and conditions here.\",\"breadcrumb\":{\"@id\":\"https:\\\/\\\/www.comlexis.de\\\/en\\\/terms-and-conditions\\\/#breadcrumb\"},\"inLanguage\":\"en-US\",\"potentialAction\":[{\"@type\":\"ReadAction\",\"target\":[\"https:\\\/\\\/www.comlexis.de\\\/en\\\/terms-and-conditions\\\/\"]}]},{\"@type\":\"ImageObject\",\"inLanguage\":\"en-US\",\"@id\":\"https:\\\/\\\/www.comlexis.de\\\/en\\\/terms-and-conditions\\\/#primaryimage\",\"url\":\"https:\\\/\\\/www.comlexis.de\\\/wp-content\\\/uploads\\\/2017\\\/05\\\/halb_anne-fries-lektorat-team.jpg\",\"contentUrl\":\"https:\\\/\\\/www.comlexis.de\\\/wp-content\\\/uploads\\\/2017\\\/05\\\/halb_anne-fries-lektorat-team.jpg\",\"width\":1290,\"height\":860,\"caption\":\"Anne Fries | Lektorat & \u00dcbersetzungen\"},{\"@type\":\"BreadcrumbList\",\"@id\":\"https:\\\/\\\/www.comlexis.de\\\/en\\\/terms-and-conditions\\\/#breadcrumb\",\"itemListElement\":[{\"@type\":\"ListItem\",\"position\":1,\"name\":\"Startseite\",\"item\":\"https:\\\/\\\/www.comlexis.de\\\/en\\\/\"},{\"@type\":\"ListItem\",\"position\":2,\"name\":\"Terms and conditions\"}]},{\"@type\":\"WebSite\",\"@id\":\"https:\\\/\\\/www.comlexis.de\\\/#website\",\"url\":\"https:\\\/\\\/www.comlexis.de\\\/\",\"name\":\"Comlexis\",\"description\":\"Damit Sprache wirkt\",\"publisher\":{\"@id\":\"https:\\\/\\\/www.comlexis.de\\\/#organization\"},\"alternateName\":\"Comlexis GmbH\",\"potentialAction\":[{\"@type\":\"SearchAction\",\"target\":{\"@type\":\"EntryPoint\",\"urlTemplate\":\"https:\\\/\\\/www.comlexis.de\\\/?s={search_term_string}\"},\"query-input\":{\"@type\":\"PropertyValueSpecification\",\"valueRequired\":true,\"valueName\":\"search_term_string\"}}],\"inLanguage\":\"en-US\"},{\"@type\":\"Organization\",\"@id\":\"https:\\\/\\\/www.comlexis.de\\\/#organization\",\"name\":\"Comlexis\",\"alternateName\":\"Anne Fries\",\"url\":\"https:\\\/\\\/www.comlexis.de\\\/\",\"logo\":{\"@type\":\"ImageObject\",\"inLanguage\":\"en-US\",\"@id\":\"https:\\\/\\\/www.comlexis.de\\\/#\\\/schema\\\/logo\\\/image\\\/\",\"url\":\"https:\\\/\\\/www.comlexis.de\\\/wp-content\\\/uploads\\\/2026\\\/03\\\/Logo-Comlexis.jpg\",\"contentUrl\":\"https:\\\/\\\/www.comlexis.de\\\/wp-content\\\/uploads\\\/2026\\\/03\\\/Logo-Comlexis.jpg\",\"width\":1080,\"height\":414,\"caption\":\"Comlexis\"},\"image\":{\"@id\":\"https:\\\/\\\/www.comlexis.de\\\/#\\\/schema\\\/logo\\\/image\\\/\"}}]}<\/script>\n<!-- \/ Yoast SEO plugin. -->","yoast_head_json":{"title":"Terms and conditions | Comlexis | Editing, proofreading & translation","description":"Review our terms and conditions here.","robots":{"index":"index","follow":"follow","max-snippet":"max-snippet:-1","max-image-preview":"max-image-preview:large","max-video-preview":"max-video-preview:-1"},"canonical":"https:\/\/www.comlexis.de\/en\/terms-and-conditions\/","og_locale":"en_US","og_type":"article","og_title":"Terms and conditions | Comlexis | Editing, proofreading & translation","og_description":"Review our terms and conditions here.","og_url":"https:\/\/www.comlexis.de\/en\/terms-and-conditions\/","og_site_name":"Comlexis","article_modified_time":"2025-08-13T16:39:17+00:00","og_image":[{"width":1290,"height":860,"url":"https:\/\/www.comlexis.de\/wp-content\/uploads\/2017\/05\/halb_anne-fries-lektorat-team.jpg","type":"image\/jpeg"}],"twitter_card":"summary_large_image","twitter_misc":{"Est. reading time":"6 minutes"},"schema":{"@context":"https:\/\/schema.org","@graph":[{"@type":"WebPage","@id":"https:\/\/www.comlexis.de\/en\/terms-and-conditions\/","url":"https:\/\/www.comlexis.de\/en\/terms-and-conditions\/","name":"Terms and conditions | Comlexis | Editing, proofreading & translation","isPartOf":{"@id":"https:\/\/www.comlexis.de\/#website"},"primaryImageOfPage":{"@id":"https:\/\/www.comlexis.de\/en\/terms-and-conditions\/#primaryimage"},"image":{"@id":"https:\/\/www.comlexis.de\/en\/terms-and-conditions\/#primaryimage"},"thumbnailUrl":"https:\/\/www.comlexis.de\/wp-content\/uploads\/2017\/05\/halb_anne-fries-lektorat-team.jpg","datePublished":"2018-07-05T09:26:09+00:00","dateModified":"2025-08-13T16:39:17+00:00","description":"Review our terms and conditions here.","breadcrumb":{"@id":"https:\/\/www.comlexis.de\/en\/terms-and-conditions\/#breadcrumb"},"inLanguage":"en-US","potentialAction":[{"@type":"ReadAction","target":["https:\/\/www.comlexis.de\/en\/terms-and-conditions\/"]}]},{"@type":"ImageObject","inLanguage":"en-US","@id":"https:\/\/www.comlexis.de\/en\/terms-and-conditions\/#primaryimage","url":"https:\/\/www.comlexis.de\/wp-content\/uploads\/2017\/05\/halb_anne-fries-lektorat-team.jpg","contentUrl":"https:\/\/www.comlexis.de\/wp-content\/uploads\/2017\/05\/halb_anne-fries-lektorat-team.jpg","width":1290,"height":860,"caption":"Anne Fries | Lektorat & \u00dcbersetzungen"},{"@type":"BreadcrumbList","@id":"https:\/\/www.comlexis.de\/en\/terms-and-conditions\/#breadcrumb","itemListElement":[{"@type":"ListItem","position":1,"name":"Startseite","item":"https:\/\/www.comlexis.de\/en\/"},{"@type":"ListItem","position":2,"name":"Terms and conditions"}]},{"@type":"WebSite","@id":"https:\/\/www.comlexis.de\/#website","url":"https:\/\/www.comlexis.de\/","name":"Comlexis","description":"Damit Sprache wirkt","publisher":{"@id":"https:\/\/www.comlexis.de\/#organization"},"alternateName":"Comlexis GmbH","potentialAction":[{"@type":"SearchAction","target":{"@type":"EntryPoint","urlTemplate":"https:\/\/www.comlexis.de\/?s={search_term_string}"},"query-input":{"@type":"PropertyValueSpecification","valueRequired":true,"valueName":"search_term_string"}}],"inLanguage":"en-US"},{"@type":"Organization","@id":"https:\/\/www.comlexis.de\/#organization","name":"Comlexis","alternateName":"Anne Fries","url":"https:\/\/www.comlexis.de\/","logo":{"@type":"ImageObject","inLanguage":"en-US","@id":"https:\/\/www.comlexis.de\/#\/schema\/logo\/image\/","url":"https:\/\/www.comlexis.de\/wp-content\/uploads\/2026\/03\/Logo-Comlexis.jpg","contentUrl":"https:\/\/www.comlexis.de\/wp-content\/uploads\/2026\/03\/Logo-Comlexis.jpg","width":1080,"height":414,"caption":"Comlexis"},"image":{"@id":"https:\/\/www.comlexis.de\/#\/schema\/logo\/image\/"}}]}},"_links":{"self":[{"href":"https:\/\/www.comlexis.de\/en\/wp-json\/wp\/v2\/pages\/3990","targetHints":{"allow":["GET"]}}],"collection":[{"href":"https:\/\/www.comlexis.de\/en\/wp-json\/wp\/v2\/pages"}],"about":[{"href":"https:\/\/www.comlexis.de\/en\/wp-json\/wp\/v2\/types\/page"}],"author":[{"embeddable":true,"href":"https:\/\/www.comlexis.de\/en\/wp-json\/wp\/v2\/users\/4"}],"replies":[{"embeddable":true,"href":"https:\/\/www.comlexis.de\/en\/wp-json\/wp\/v2\/comments?post=3990"}],"version-history":[{"count":11,"href":"https:\/\/www.comlexis.de\/en\/wp-json\/wp\/v2\/pages\/3990\/revisions"}],"predecessor-version":[{"id":15189,"href":"https:\/\/www.comlexis.de\/en\/wp-json\/wp\/v2\/pages\/3990\/revisions\/15189"}],"wp:featuredmedia":[{"embeddable":true,"href":"https:\/\/www.comlexis.de\/en\/wp-json\/wp\/v2\/media\/2032"}],"wp:attachment":[{"href":"https:\/\/www.comlexis.de\/en\/wp-json\/wp\/v2\/media?parent=3990"}],"curies":[{"name":"wp","href":"https:\/\/api.w.org\/{rel}","templated":true}]}}