{"id":3825,"date":"2018-05-08T12:31:13","date_gmt":"2018-05-08T10:31:13","guid":{"rendered":"https:\/\/www.comlexis.de\/?page_id=3825\/"},"modified":"2025-07-21T11:49:14","modified_gmt":"2025-07-21T09:49:14","slug":"good-to-know-prices","status":"publish","type":"page","link":"https:\/\/www.comlexis.de\/en\/good-to-know-prices\/","title":{"rendered":"Good to know | Prices"},"content":{"rendered":"<div class=\"wpb-content-wrapper\"><p>[vc_row section_type=&#8221;fullwidth&#8221; bg_type=&#8221;color&#8221; header_feature=&#8221;yes&#8221; equal_column_height=&#8221;middle-content&#8221; padding_top=&#8221;0&#8243; padding_bottom=&#8221;0&#8243;][vc_column width=&#8221;1\/2&#8243; tablet_sm_width=&#8221;hide&#8221; mobile_width=&#8221;hide&#8221; css=&#8221;.vc_custom_1502463033961{background-image: url(https:\/\/www.comlexis.de\/wp-content\/uploads\/2017\/05\/halb_anne-fries-faq-korrekturbrett.jpg?id=1990) !important;background-position: center !important;background-repeat: no-repeat !important;background-size: cover !important;}&#8221;][vc_empty_space height=&#8221;722px&#8221;][\/vc_column][vc_column width=&#8221;1\/2&#8243; tablet_sm_width=&#8221;1&#8243; el_class=&#8221;400px&#8221; css=&#8221;.vc_custom_1478188547879{padding-right: 8% !important;padding-left: 8% !important;background-color: #f7f7f7 !important;background-position: center !important;background-repeat: no-repeat !important;background-size: cover !important;}&#8221;][vc_empty_space height=&#8221;70&#8243;]<div class=\"grve-element grve-slogan grve-align-left\" style=\"\"><div class=\"grve-subtitle\">Good to know<\/div><h1 class=\"grve-slogan-title grve-align-left grve-h2\"><span>Prices<\/span><\/h1><\/div>[vc_column_text text_style=&#8221;leader-text&#8221; animation=&#8221;fadeInRight&#8221; animation_delay=&#8221;150&#8243;]What does an edit, proofread or<br \/>\ntranslation cost?[\/vc_column_text][vc_empty_space height=&#8221;50&#8243;][\/vc_column][\/vc_row][vc_row section_type=&#8221;fullwidth&#8221; bg_type=&#8221;color&#8221; header_feature=&#8221;yes&#8221; equal_column_height=&#8221;middle-content&#8221; desktop_visibility=&#8221;hide&#8221; tablet_visibility=&#8221;hide&#8221; padding_top=&#8221;0&#8243; padding_bottom=&#8221;0&#8243;][vc_column tablet_sm_width=&#8221;1&#8243; css=&#8221;.vc_custom_1502456311164{background-position: center !important;background-repeat: no-repeat !important;background-size: cover !important;}&#8221;][vc_empty_space height=&#8221;50&#8243; css=&#8221;.vc_custom_1502457515545{background-color: #f7f7f7 !important;}&#8221;]<div class=\"grve-element grve-image grve-align-center\" style=\"\"><img fetchpriority=\"high\" decoding=\"async\" width=\"1290\" height=\"860\" src=\"https:\/\/www.comlexis.de\/wp-content\/uploads\/2017\/05\/halb_anne-fries-faq-korrekturbrett.jpg\" class=\"attachment-full size-full\" alt=\"Informationen \u00fcber Preise und Services f\u00fcr Lektorat, \u00dcbersetzungen und Fremdsprachen-Lektorat\" srcset=\"https:\/\/www.comlexis.de\/wp-content\/uploads\/2017\/05\/halb_anne-fries-faq-korrekturbrett.jpg 1290w, https:\/\/www.comlexis.de\/wp-content\/uploads\/2017\/05\/halb_anne-fries-faq-korrekturbrett-170x113.jpg 170w, https:\/\/www.comlexis.de\/wp-content\/uploads\/2017\/05\/halb_anne-fries-faq-korrekturbrett-768x512.jpg 768w\" sizes=\"(max-width: 1290px) 100vw, 1290px\" \/><\/div>[vc_empty_space height=&#8221;30&#8243;][\/vc_column][\/vc_row][vc_row tablet_sm_visibility=&#8221;hide&#8221; mobile_visibility=&#8221;hide&#8221;][vc_column][vc_empty_space height=&#8221;80px&#8221;][\/vc_column][\/vc_row][vc_row equal_column_height=&#8221;equal-column&#8221;][vc_column width=&#8221;1\/2&#8243;][vc_column_text]<\/p>\n<h3 style=\"text-align: left;\">Let\u2019s talk money<\/h3>\n<p>[\/vc_column_text][vc_column_text el_class=&#8221;block&#8221;]Hourly rates are all well and good \u2013 but a concrete offer is of course preferable. Here you can go straight to the <a href=\"https:\/\/www.comlexis.de\/en\/contact-anne-fries\/\">upload.<\/a> For a rough estimate, all we need is a few sample pages or a layout with dummy text. We will send you a quote via e-mail or phone.[\/vc_column_text][vc_empty_space height=&#8221;20px&#8221;][\/vc_column][vc_column width=&#8221;1\/2&#8243;][\/vc_column][\/vc_row][vc_row padding_top=&#8221;20&#8243; padding_bottom=&#8221;0&#8243;][vc_column width=&#8221;1\/3&#8243;]<div class=\"grve-element grve-pricing-table grve-animated-item grve-fadeIn pricing grve-style-2\" style=\"\" data-delay=\"100\">  <div class=\"grve-pricing-header\">    <h5 class=\"grve-pricing-title\">German editing &amp; proofreading<\/h5>    <div class=\"grve-pricing-description\">Double text check | 4-eyes principle | In-house language experts as editors and proofeaders | Orthography | Punctuation | Grammar | Typography | Consistency | Corporate language | Express service on request | Certified quality management<\/div>    <div class=\"grve-pricing-content\">      <h3 class=\"grve-price grve-link-text grve-text-primary-1\">\u20ac49\/hour<br \/>\nSmall jobs from \u20ac28<span><\/span><\/h3>    <\/div>  <\/div>  <ul><li><strong> <\/strong><\/li>  <\/ul><a href=\"https:\/\/www.comlexis.de\/en\/contact-anne-fries\/\" class=\"grve-btn grve-btn-small grve-round grve-bg-primary-2 grve-bg-hover-primary-1\"><span><i class=\"smp-icon-cloud-upload\"><\/i>Upload text<\/span><\/a><\/div>[\/vc_column][vc_column width=&#8221;1\/3&#8243;]<div class=\"grve-element grve-pricing-table grve-animated-item grve-fadeIn pricing grve-style-2\" style=\"\" data-delay=\"600\">  <div class=\"grve-pricing-header\">    <h5 class=\"grve-pricing-title\">Translations<\/h5>    <div class=\"grve-pricing-description\">Qualified specialist translators | Native speakers | 4-eyes principle | In-house foreign-language proofreaders | Proven and accurate workflows | Corporate language | CAT tools and translation memory possible | Express service on request | Certified quality management<\/div>    <div class=\"grve-pricing-content\">      <h3 class=\"grve-price grve-link-text grve-text-primary-1\">\u20ac78\/hour<br \/>\nSmall jobs from \u20ac48<span><\/span><\/h3>    <\/div>  <\/div>  <ul><li><strong> <\/strong><\/li>  <\/ul><a href=\"https:\/\/www.comlexis.de\/en\/contact-anne-fries\/\" class=\"grve-btn grve-btn-small grve-round grve-bg-primary-2 grve-bg-hover-primary-1\"><span><i class=\"smp-icon-cloud-upload\"><\/i>Upload text<\/span><\/a><\/div>[\/vc_column][vc_column width=&#8221;1\/3&#8243;]<div class=\"grve-element grve-pricing-table grve-animated-item grve-fadeIn pricing grve-style-2\" style=\"\" data-delay=\"1000\">  <div class=\"grve-pricing-header\">    <h5 class=\"grve-pricing-title\">Foreign-language editing &amp; proofreading<\/h5>    <div class=\"grve-pricing-description\">Native-speaker editors and proofreaders | 4-eyes principle | In-house foreign-language proofreaders | Orthography | Punctuation | Grammar | Country-specific typography | Corporate language | Express service on request | Certified quality management<\/div>    <div class=\"grve-pricing-content\">      <h3 class=\"grve-price grve-link-text grve-text-primary-1\">\u20ac64\/hour<br \/>\nSmall jobs from \u20ac48<span><\/span><\/h3>    <\/div>  <\/div>  <ul><li><strong> <\/strong><\/li>  <\/ul><a href=\"https:\/\/www.comlexis.de\/en\/contact-anne-fries\/\" class=\"grve-btn grve-btn-small grve-round grve-bg-primary-2 grve-bg-hover-primary-1\"><span><i class=\"smp-icon-cloud-upload\"><\/i>Upload text<\/span><\/a><\/div>[\/vc_column][\/vc_row][vc_row padding_top=&#8221;20&#8243; padding_bottom=&#8221;20&#8243;][vc_column width=&#8221;1\/3&#8243;][\/vc_column][vc_column width=&#8221;1\/3&#8243;][\/vc_column][vc_column width=&#8221;1\/3&#8243;][vc_column_text]<\/p>\n<p style=\"text-align: right;\">All prices excl. VAT<\/p>\n<p>[\/vc_column_text][\/vc_column][\/vc_row][vc_row padding_top=&#8221;0&#8243;][vc_column width=&#8221;1\/2&#8243;][vc_empty_space height=&#8221;50px&#8221;][vc_column_text animation=&#8221;fadeIn&#8221;]<\/p>\n<h3>Do you need a little bit more?<\/h3>\n<p>[\/vc_column_text][vc_column_text animation=&#8221;fadeIn&#8221; el_class=&#8221;block&#8221;]We can fulfil your extra wishes! Do you want us to double-check the phone numbers of all prize-draw winners? Do you need us to compare several manuscripts for consistency? Would you like us to improve the text stylistically? No problem.[\/vc_column_text][\/vc_column][vc_column width=&#8221;1\/2&#8243;][vc_empty_space height=&#8221;50px&#8221;][vc_column_text animation=&#8221;fadeIn&#8221;]<\/p>\n<h3>Or a little less?<\/h3>\n<p>[\/vc_column_text][vc_column_text animation=&#8221;fadeIn&#8221; el_class=&#8221;block&#8221;]<\/p>\n<div id=\"col2\">\n<p>Proofreading without all the trimmings? Just \u201creal\u201d mistakes? Sometimes the budget or time frame is tight, but that doesn\u2019t mean you have to miss out completely on having your text professionally proofread. Better a fast-wash programme at Comlexis than no wash at all! For tips on what you can leave out, see our <u> <\/u><a href=\"https:\/\/www.comlexis.de\/en\/good-to-know-saver-service\/\">saver service.<\/a><u><br \/>\n<\/u><\/p>\n<\/div>\n<p>[\/vc_column_text][\/vc_column][\/vc_row][vc_row][vc_column][vc_column_text]<\/p>\n<p>[\/vc_column_text][\/vc_column][\/vc_row]<\/p>\n<\/div>","protected":false},"excerpt":{"rendered":"<p>[vc_row section_type=&#8221;fullwidth&#8221; bg_type=&#8221;color&#8221; header_feature=&#8221;yes&#8221; equal_column_height=&#8221;middle-content&#8221; padding_top=&#8221;0&#8243; padding_bottom=&#8221;0&#8243;][vc_column width=&#8221;1\/2&#8243; tablet_sm_width=&#8221;hide&#8221; mobile_width=&#8221;hide&#8221; css=&#8221;.vc_custom_1502463033961{background-image: url(https:\/\/www.comlexis.de\/wp-content\/uploads\/2017\/05\/halb_anne-fries-faq-korrekturbrett.jpg?id=1990) !important;background-position: center !important;background-repeat: no-repeat !important;background-size: cover !important;}&#8221;][vc_empty_space height=&#8221;722px&#8221;][\/vc_column][vc_column width=&#8221;1\/2&#8243; tablet_sm_width=&#8221;1&#8243; el_class=&#8221;400px&#8221; css=&#8221;.vc_custom_1478188547879{padding-right: 8% !important;padding-left: 8% !important;background-color: #f7f7f7 !important;background-position: center !important;background-repeat: no-repeat !important;background-size: cover !important;}&#8221;][vc_empty_space height=&#8221;70&#8243;][vc_column_text text_style=&#8221;leader-text&#8221; animation=&#8221;fadeInRight&#8221; animation_delay=&#8221;150&#8243;]What does an edit, proofread or translation cost?[\/vc_column_text][vc_empty_space height=&#8221;50&#8243;][\/vc_column][\/vc_row][vc_row section_type=&#8221;fullwidth&#8221; bg_type=&#8221;color&#8221; header_feature=&#8221;yes&#8221; equal_column_height=&#8221;middle-content&#8221; desktop_visibility=&#8221;hide&#8221; tablet_visibility=&#8221;hide&#8221; padding_top=&#8221;0&#8243; [&hellip;]<\/p>\n","protected":false},"author":4,"featured_media":1990,"parent":0,"menu_order":0,"comment_status":"closed","ping_status":"closed","template":"","meta":{"footnotes":""},"class_list":["post-3825","page","type-page","status-publish","has-post-thumbnail","hentry"],"yoast_head":"<!-- This site is optimized with the Yoast SEO plugin v27.4 - https:\/\/yoast.com\/product\/yoast-seo-wordpress\/ -->\n<title>Prices for editing, proofreading, translation | Comlexis<\/title>\n<meta name=\"description\" content=\"Let\u2019s talk money: For a rough estimate, all we need is a few sample pages or a layout with dummy text. Hourly rates &amp; concrete offers: Here you go.\" \/>\n<meta name=\"robots\" content=\"index, follow, max-snippet:-1, max-image-preview:large, max-video-preview:-1\" \/>\n<link rel=\"canonical\" href=\"https:\/\/www.comlexis.de\/en\/good-to-know-prices\/\" \/>\n<meta property=\"og:locale\" content=\"en_US\" \/>\n<meta property=\"og:type\" content=\"article\" \/>\n<meta property=\"og:title\" content=\"Prices for editing, proofreading, translation | Comlexis\" \/>\n<meta property=\"og:description\" content=\"Let\u2019s talk money: For a rough estimate, all we need is a few sample pages or a layout with dummy text. Hourly rates &amp; concrete offers: Here you go.\" \/>\n<meta property=\"og:url\" content=\"https:\/\/www.comlexis.de\/en\/good-to-know-prices\/\" \/>\n<meta property=\"og:site_name\" content=\"Comlexis\" \/>\n<meta property=\"article:modified_time\" content=\"2025-07-21T09:49:14+00:00\" \/>\n<meta property=\"og:image\" content=\"https:\/\/www.comlexis.de\/wp-content\/uploads\/2017\/05\/halb_anne-fries-faq-korrekturbrett.jpg\" \/>\n\t<meta property=\"og:image:width\" content=\"1290\" \/>\n\t<meta property=\"og:image:height\" content=\"860\" \/>\n\t<meta property=\"og:image:type\" content=\"image\/jpeg\" \/>\n<meta name=\"twitter:card\" content=\"summary_large_image\" \/>\n<meta name=\"twitter:label1\" content=\"Est. reading time\" \/>\n\t<meta name=\"twitter:data1\" content=\"3 minutes\" \/>\n<script type=\"application\/ld+json\" class=\"yoast-schema-graph\">{\"@context\":\"https:\\\/\\\/schema.org\",\"@graph\":[{\"@type\":\"WebPage\",\"@id\":\"https:\\\/\\\/www.comlexis.de\\\/en\\\/good-to-know-prices\\\/\",\"url\":\"https:\\\/\\\/www.comlexis.de\\\/en\\\/good-to-know-prices\\\/\",\"name\":\"Prices for editing, proofreading, translation | Comlexis\",\"isPartOf\":{\"@id\":\"https:\\\/\\\/www.comlexis.de\\\/#website\"},\"primaryImageOfPage\":{\"@id\":\"https:\\\/\\\/www.comlexis.de\\\/en\\\/good-to-know-prices\\\/#primaryimage\"},\"image\":{\"@id\":\"https:\\\/\\\/www.comlexis.de\\\/en\\\/good-to-know-prices\\\/#primaryimage\"},\"thumbnailUrl\":\"https:\\\/\\\/www.comlexis.de\\\/wp-content\\\/uploads\\\/2017\\\/05\\\/halb_anne-fries-faq-korrekturbrett.jpg\",\"datePublished\":\"2018-05-08T10:31:13+00:00\",\"dateModified\":\"2025-07-21T09:49:14+00:00\",\"description\":\"Let\u2019s talk money: For a rough estimate, all we need is a few sample pages or a layout with dummy text. Hourly rates & concrete offers: Here you go.\",\"breadcrumb\":{\"@id\":\"https:\\\/\\\/www.comlexis.de\\\/en\\\/good-to-know-prices\\\/#breadcrumb\"},\"inLanguage\":\"en-US\",\"potentialAction\":[{\"@type\":\"ReadAction\",\"target\":[\"https:\\\/\\\/www.comlexis.de\\\/en\\\/good-to-know-prices\\\/\"]}]},{\"@type\":\"ImageObject\",\"inLanguage\":\"en-US\",\"@id\":\"https:\\\/\\\/www.comlexis.de\\\/en\\\/good-to-know-prices\\\/#primaryimage\",\"url\":\"https:\\\/\\\/www.comlexis.de\\\/wp-content\\\/uploads\\\/2017\\\/05\\\/halb_anne-fries-faq-korrekturbrett.jpg\",\"contentUrl\":\"https:\\\/\\\/www.comlexis.de\\\/wp-content\\\/uploads\\\/2017\\\/05\\\/halb_anne-fries-faq-korrekturbrett.jpg\",\"width\":1290,\"height\":860,\"caption\":\"Hier werden Sie \u00fcber die Preise f\u00fcr Lektorat, \u00dcbersetzungen und Fremdsprachen-Lektorat bei Anne Fries Lektorat und \u00dcbersetzungen informiert\"},{\"@type\":\"BreadcrumbList\",\"@id\":\"https:\\\/\\\/www.comlexis.de\\\/en\\\/good-to-know-prices\\\/#breadcrumb\",\"itemListElement\":[{\"@type\":\"ListItem\",\"position\":1,\"name\":\"Startseite\",\"item\":\"https:\\\/\\\/www.comlexis.de\\\/en\\\/\"},{\"@type\":\"ListItem\",\"position\":2,\"name\":\"Good to know | Prices\"}]},{\"@type\":\"WebSite\",\"@id\":\"https:\\\/\\\/www.comlexis.de\\\/#website\",\"url\":\"https:\\\/\\\/www.comlexis.de\\\/\",\"name\":\"Comlexis\",\"description\":\"Damit Sprache wirkt\",\"publisher\":{\"@id\":\"https:\\\/\\\/www.comlexis.de\\\/#organization\"},\"alternateName\":\"Comlexis GmbH\",\"potentialAction\":[{\"@type\":\"SearchAction\",\"target\":{\"@type\":\"EntryPoint\",\"urlTemplate\":\"https:\\\/\\\/www.comlexis.de\\\/?s={search_term_string}\"},\"query-input\":{\"@type\":\"PropertyValueSpecification\",\"valueRequired\":true,\"valueName\":\"search_term_string\"}}],\"inLanguage\":\"en-US\"},{\"@type\":\"Organization\",\"@id\":\"https:\\\/\\\/www.comlexis.de\\\/#organization\",\"name\":\"Comlexis\",\"alternateName\":\"Anne Fries\",\"url\":\"https:\\\/\\\/www.comlexis.de\\\/\",\"logo\":{\"@type\":\"ImageObject\",\"inLanguage\":\"en-US\",\"@id\":\"https:\\\/\\\/www.comlexis.de\\\/#\\\/schema\\\/logo\\\/image\\\/\",\"url\":\"https:\\\/\\\/www.comlexis.de\\\/wp-content\\\/uploads\\\/2026\\\/03\\\/Logo-Comlexis.jpg\",\"contentUrl\":\"https:\\\/\\\/www.comlexis.de\\\/wp-content\\\/uploads\\\/2026\\\/03\\\/Logo-Comlexis.jpg\",\"width\":1080,\"height\":414,\"caption\":\"Comlexis\"},\"image\":{\"@id\":\"https:\\\/\\\/www.comlexis.de\\\/#\\\/schema\\\/logo\\\/image\\\/\"}}]}<\/script>\n<!-- \/ Yoast SEO plugin. -->","yoast_head_json":{"title":"Prices for editing, proofreading, translation | Comlexis","description":"Let\u2019s talk money: For a rough estimate, all we need is a few sample pages or a layout with dummy text. Hourly rates & concrete offers: Here you go.","robots":{"index":"index","follow":"follow","max-snippet":"max-snippet:-1","max-image-preview":"max-image-preview:large","max-video-preview":"max-video-preview:-1"},"canonical":"https:\/\/www.comlexis.de\/en\/good-to-know-prices\/","og_locale":"en_US","og_type":"article","og_title":"Prices for editing, proofreading, translation | Comlexis","og_description":"Let\u2019s talk money: For a rough estimate, all we need is a few sample pages or a layout with dummy text. Hourly rates & concrete offers: Here you go.","og_url":"https:\/\/www.comlexis.de\/en\/good-to-know-prices\/","og_site_name":"Comlexis","article_modified_time":"2025-07-21T09:49:14+00:00","og_image":[{"width":1290,"height":860,"url":"https:\/\/www.comlexis.de\/wp-content\/uploads\/2017\/05\/halb_anne-fries-faq-korrekturbrett.jpg","type":"image\/jpeg"}],"twitter_card":"summary_large_image","twitter_misc":{"Est. reading time":"3 minutes"},"schema":{"@context":"https:\/\/schema.org","@graph":[{"@type":"WebPage","@id":"https:\/\/www.comlexis.de\/en\/good-to-know-prices\/","url":"https:\/\/www.comlexis.de\/en\/good-to-know-prices\/","name":"Prices for editing, proofreading, translation | Comlexis","isPartOf":{"@id":"https:\/\/www.comlexis.de\/#website"},"primaryImageOfPage":{"@id":"https:\/\/www.comlexis.de\/en\/good-to-know-prices\/#primaryimage"},"image":{"@id":"https:\/\/www.comlexis.de\/en\/good-to-know-prices\/#primaryimage"},"thumbnailUrl":"https:\/\/www.comlexis.de\/wp-content\/uploads\/2017\/05\/halb_anne-fries-faq-korrekturbrett.jpg","datePublished":"2018-05-08T10:31:13+00:00","dateModified":"2025-07-21T09:49:14+00:00","description":"Let\u2019s talk money: For a rough estimate, all we need is a few sample pages or a layout with dummy text. Hourly rates & concrete offers: Here you go.","breadcrumb":{"@id":"https:\/\/www.comlexis.de\/en\/good-to-know-prices\/#breadcrumb"},"inLanguage":"en-US","potentialAction":[{"@type":"ReadAction","target":["https:\/\/www.comlexis.de\/en\/good-to-know-prices\/"]}]},{"@type":"ImageObject","inLanguage":"en-US","@id":"https:\/\/www.comlexis.de\/en\/good-to-know-prices\/#primaryimage","url":"https:\/\/www.comlexis.de\/wp-content\/uploads\/2017\/05\/halb_anne-fries-faq-korrekturbrett.jpg","contentUrl":"https:\/\/www.comlexis.de\/wp-content\/uploads\/2017\/05\/halb_anne-fries-faq-korrekturbrett.jpg","width":1290,"height":860,"caption":"Hier werden Sie \u00fcber die Preise f\u00fcr Lektorat, \u00dcbersetzungen und Fremdsprachen-Lektorat bei Anne Fries Lektorat und \u00dcbersetzungen informiert"},{"@type":"BreadcrumbList","@id":"https:\/\/www.comlexis.de\/en\/good-to-know-prices\/#breadcrumb","itemListElement":[{"@type":"ListItem","position":1,"name":"Startseite","item":"https:\/\/www.comlexis.de\/en\/"},{"@type":"ListItem","position":2,"name":"Good to know | Prices"}]},{"@type":"WebSite","@id":"https:\/\/www.comlexis.de\/#website","url":"https:\/\/www.comlexis.de\/","name":"Comlexis","description":"Damit Sprache wirkt","publisher":{"@id":"https:\/\/www.comlexis.de\/#organization"},"alternateName":"Comlexis GmbH","potentialAction":[{"@type":"SearchAction","target":{"@type":"EntryPoint","urlTemplate":"https:\/\/www.comlexis.de\/?s={search_term_string}"},"query-input":{"@type":"PropertyValueSpecification","valueRequired":true,"valueName":"search_term_string"}}],"inLanguage":"en-US"},{"@type":"Organization","@id":"https:\/\/www.comlexis.de\/#organization","name":"Comlexis","alternateName":"Anne Fries","url":"https:\/\/www.comlexis.de\/","logo":{"@type":"ImageObject","inLanguage":"en-US","@id":"https:\/\/www.comlexis.de\/#\/schema\/logo\/image\/","url":"https:\/\/www.comlexis.de\/wp-content\/uploads\/2026\/03\/Logo-Comlexis.jpg","contentUrl":"https:\/\/www.comlexis.de\/wp-content\/uploads\/2026\/03\/Logo-Comlexis.jpg","width":1080,"height":414,"caption":"Comlexis"},"image":{"@id":"https:\/\/www.comlexis.de\/#\/schema\/logo\/image\/"}}]}},"_links":{"self":[{"href":"https:\/\/www.comlexis.de\/en\/wp-json\/wp\/v2\/pages\/3825","targetHints":{"allow":["GET"]}}],"collection":[{"href":"https:\/\/www.comlexis.de\/en\/wp-json\/wp\/v2\/pages"}],"about":[{"href":"https:\/\/www.comlexis.de\/en\/wp-json\/wp\/v2\/types\/page"}],"author":[{"embeddable":true,"href":"https:\/\/www.comlexis.de\/en\/wp-json\/wp\/v2\/users\/4"}],"replies":[{"embeddable":true,"href":"https:\/\/www.comlexis.de\/en\/wp-json\/wp\/v2\/comments?post=3825"}],"version-history":[{"count":29,"href":"https:\/\/www.comlexis.de\/en\/wp-json\/wp\/v2\/pages\/3825\/revisions"}],"predecessor-version":[{"id":13475,"href":"https:\/\/www.comlexis.de\/en\/wp-json\/wp\/v2\/pages\/3825\/revisions\/13475"}],"wp:featuredmedia":[{"embeddable":true,"href":"https:\/\/www.comlexis.de\/en\/wp-json\/wp\/v2\/media\/1990"}],"wp:attachment":[{"href":"https:\/\/www.comlexis.de\/en\/wp-json\/wp\/v2\/media?parent=3825"}],"curies":[{"name":"wp","href":"https:\/\/api.w.org\/{rel}","templated":true}]}}